{"id":203,"date":"2021-10-23T02:34:06","date_gmt":"2021-10-23T02:34:06","guid":{"rendered":"https:\/\/clientes.orangeplay.com.br\/kellenantigo\/?page_id=203"},"modified":"2022-12-14T15:02:07","modified_gmt":"2022-12-14T15:02:07","slug":"arquitetonicos-edificacoes","status":"publish","type":"page","link":"https:\/\/clientes.orangeplay.com.br\/kellenantigo\/arquitetonicos-edificacoes\/","title":{"rendered":"Arquitet\u00f4nicos &#8211; Edifica\u00e7\u00f5es"},"content":{"rendered":"[vc_row css=&#8221;.vc_custom_1635122851548{margin-top: 120px !important;}&#8221;][vc_column]<div class=\"vcex-module vcex-portfolio-grid-wrap wpex-clr\"><div class=\"wpex-row vcex-portfolio-grid wpex-clr entries gap-none\"><div class=\"portfolio-entry vcex-grid-item entry-has-details span_1_of_4 col col-1 post-843 entry type-portfolio has-media cat-8\"><div class=\"portfolio-entry-inner entry-inner wpex-first-mt-0 wpex-last-mb-0 wpex-clr\"><div class=\"portfolio-entry-media entry-media wpex-image-hover grow\"><a href=\"https:\/\/clientes.orangeplay.com.br\/kellenantigo\/projeto\/teste-imagens\/\" title=\"Teste Imagens\" class=\"portfolio-entry-media-link\"><img decoding=\"async\" loading=\"lazy\" class=\"portfolio-entry-img wpex-align-middle\" src=\"https:\/\/clientes.orangeplay.com.br\/kellenantigo\/wp-content\/uploads\/2022\/12\/capa-338x600.jpg\" alt=\"\" width=\"338\" height=\"600\" \/><\/a><\/div><div class=\"portfolio-entry-details entry-details wpex-boxed wpex-first-mt-0 wpex-last-mb-0 wpex-clr\"><h2 class=\"portfolio-entry-title entry-title wpex-mb-5 wpex-child-inherit-color\" style=\"color:#ffffff;\"><a href=\"https:\/\/clientes.orangeplay.com.br\/kellenantigo\/projeto\/teste-imagens\/\" title=\"Teste Imagens\">Teste Imagens<\/a><\/h2><\/div><\/div><\/div><div class=\"portfolio-entry vcex-grid-item entry-has-details span_1_of_4 col col-2 post-654 entry type-portfolio has-media cat-4 cat-8\"><div class=\"portfolio-entry-inner entry-inner wpex-first-mt-0 wpex-last-mb-0 wpex-clr\"><div class=\"portfolio-entry-media entry-media wpex-image-hover grow\"><a href=\"https:\/\/clientes.orangeplay.com.br\/kellenantigo\/projeto\/casa-jd\/\" title=\"Interior Casa J&#038;D\" class=\"portfolio-entry-media-link\"><img decoding=\"async\" loading=\"lazy\" class=\"portfolio-entry-img wpex-align-middle\" src=\"https:\/\/clientes.orangeplay.com.br\/kellenantigo\/wp-content\/uploads\/2022\/12\/WhatsApp-Image-2022-11-28-at-10.42.19-800x600.jpeg\" alt=\"\" width=\"800\" height=\"600\" \/><\/a><\/div><div class=\"portfolio-entry-details entry-details wpex-boxed wpex-first-mt-0 wpex-last-mb-0 wpex-clr\"><h2 class=\"portfolio-entry-title entry-title wpex-mb-5 wpex-child-inherit-color\" style=\"color:#ffffff;\"><a href=\"https:\/\/clientes.orangeplay.com.br\/kellenantigo\/projeto\/casa-jd\/\" title=\"Interior Casa J&#038;D\">Interior Casa J&#038;D<\/a><\/h2><\/div><\/div><\/div><div class=\"portfolio-entry vcex-grid-item entry-has-details span_1_of_4 col col-3 post-647 entry type-portfolio has-media cat-8\"><div class=\"portfolio-entry-inner entry-inner wpex-first-mt-0 wpex-last-mb-0 wpex-clr\"><div class=\"portfolio-entry-media entry-media wpex-image-hover grow\"><a href=\"https:\/\/clientes.orangeplay.com.br\/kellenantigo\/projeto\/casa-jk\/\" title=\"Casa J&#038;K\" class=\"portfolio-entry-media-link\"><img decoding=\"async\" loading=\"lazy\" class=\"portfolio-entry-img wpex-align-middle\" src=\"https:\/\/clientes.orangeplay.com.br\/kellenantigo\/wp-content\/uploads\/2022\/12\/WhatsApp-Image-2022-12-06-at-09.11.44-800x600.jpeg\" alt=\"\" width=\"800\" height=\"600\" \/><\/a><\/div><div class=\"portfolio-entry-details entry-details wpex-boxed wpex-first-mt-0 wpex-last-mb-0 wpex-clr\"><h2 class=\"portfolio-entry-title entry-title wpex-mb-5 wpex-child-inherit-color\" style=\"color:#ffffff;\"><a href=\"https:\/\/clientes.orangeplay.com.br\/kellenantigo\/projeto\/casa-jk\/\" title=\"Casa J&#038;K\">Casa J&#038;K<\/a><\/h2><\/div><\/div><\/div><div class=\"portfolio-entry vcex-grid-item entry-has-details span_1_of_4 col col-4 post-416 entry type-portfolio has-media cat-8\"><div class=\"portfolio-entry-inner entry-inner wpex-first-mt-0 wpex-last-mb-0 wpex-clr\"><div class=\"portfolio-entry-media entry-media wpex-image-hover grow\"><a href=\"https:\/\/clientes.orangeplay.com.br\/kellenantigo\/projeto\/torre-dville-edificio\/\" title=\"TORRE D&#8217;VILLE- ED\u00cdFICIO\" class=\"portfolio-entry-media-link\"><img decoding=\"async\" loading=\"lazy\" class=\"portfolio-entry-img wpex-align-middle\" src=\"https:\/\/clientes.orangeplay.com.br\/kellenantigo\/wp-content\/uploads\/2021\/10\/PLANTAS-HUMANIZADAS-TORRE-D\u00b4VILLE-f2-419x600.jpg\" alt=\"\" width=\"419\" height=\"600\" \/><\/a><\/div><div class=\"portfolio-entry-details entry-details wpex-boxed wpex-first-mt-0 wpex-last-mb-0 wpex-clr\"><h2 class=\"portfolio-entry-title entry-title wpex-mb-5 wpex-child-inherit-color\" style=\"color:#ffffff;\"><a href=\"https:\/\/clientes.orangeplay.com.br\/kellenantigo\/projeto\/torre-dville-edificio\/\" title=\"TORRE D&#8217;VILLE- ED\u00cdFICIO\">TORRE D&#8217;VILLE- ED\u00cdFICIO<\/a><\/h2><\/div><\/div><\/div><div class=\"portfolio-entry vcex-grid-item entry-has-details span_1_of_4 col col-1 post-404 entry type-portfolio has-media cat-8\"><div class=\"portfolio-entry-inner entry-inner wpex-first-mt-0 wpex-last-mb-0 wpex-clr\"><div class=\"portfolio-entry-media entry-media wpex-image-hover grow\"><a href=\"https:\/\/clientes.orangeplay.com.br\/kellenantigo\/projeto\/central-residence-edificio\/\" title=\"CENTRAL RESIDENCE- ED\u00cdFICIO\" class=\"portfolio-entry-media-link\"><img decoding=\"async\" loading=\"lazy\" class=\"portfolio-entry-img wpex-align-middle\" src=\"https:\/\/clientes.orangeplay.com.br\/kellenantigo\/wp-content\/uploads\/2021\/12\/IMG_5162-356x600.jpg\" alt=\"\" width=\"356\" height=\"600\" \/><\/a><\/div><div class=\"portfolio-entry-details entry-details wpex-boxed wpex-first-mt-0 wpex-last-mb-0 wpex-clr\"><h2 class=\"portfolio-entry-title entry-title wpex-mb-5 wpex-child-inherit-color\" style=\"color:#ffffff;\"><a href=\"https:\/\/clientes.orangeplay.com.br\/kellenantigo\/projeto\/central-residence-edificio\/\" title=\"CENTRAL RESIDENCE- ED\u00cdFICIO\">CENTRAL RESIDENCE- ED\u00cdFICIO<\/a><\/h2><\/div><\/div><\/div><div class=\"portfolio-entry vcex-grid-item entry-has-details span_1_of_4 col col-2 post-401 entry type-portfolio has-media cat-8\"><div class=\"portfolio-entry-inner entry-inner wpex-first-mt-0 wpex-last-mb-0 wpex-clr\"><div class=\"portfolio-entry-media entry-media wpex-image-hover grow\"><a href=\"https:\/\/clientes.orangeplay.com.br\/kellenantigo\/projeto\/lummina-edificio\/\" title=\"LUMMINA- ED\u00cdFICIO\" class=\"portfolio-entry-media-link\"><img decoding=\"async\" loading=\"lazy\" class=\"portfolio-entry-img wpex-align-middle\" src=\"https:\/\/clientes.orangeplay.com.br\/kellenantigo\/wp-content\/uploads\/2021\/10\/ac2e185f-d02c-4672-9014-044ce18d1e77-300x600.jpg\" alt=\"\" width=\"300\" height=\"600\" \/><\/a><\/div><div class=\"portfolio-entry-details entry-details wpex-boxed wpex-first-mt-0 wpex-last-mb-0 wpex-clr\"><h2 class=\"portfolio-entry-title entry-title wpex-mb-5 wpex-child-inherit-color\" style=\"color:#ffffff;\"><a href=\"https:\/\/clientes.orangeplay.com.br\/kellenantigo\/projeto\/lummina-edificio\/\" title=\"LUMMINA- ED\u00cdFICIO\">LUMMINA- ED\u00cdFICIO<\/a><\/h2><\/div><\/div><\/div><div class=\"portfolio-entry vcex-grid-item entry-has-details span_1_of_4 col col-3 post-395 entry type-portfolio has-media cat-8\"><div class=\"portfolio-entry-inner entry-inner wpex-first-mt-0 wpex-last-mb-0 wpex-clr\"><div class=\"portfolio-entry-media entry-media wpex-image-hover grow\"><a href=\"https:\/\/clientes.orangeplay.com.br\/kellenantigo\/projeto\/villa-di-napoles-edificio\/\" title=\"VILLA DI NAPOLES- ED\u00cdFICIO\" class=\"portfolio-entry-media-link\"><img decoding=\"async\" loading=\"lazy\" class=\"portfolio-entry-img wpex-align-middle\" src=\"https:\/\/clientes.orangeplay.com.br\/kellenantigo\/wp-content\/uploads\/2021\/10\/FOLHA-VILLA-DI-NAPOLES-2-375x600.jpg\" alt=\"\" width=\"375\" height=\"600\" \/><\/a><\/div><div class=\"portfolio-entry-details entry-details wpex-boxed wpex-first-mt-0 wpex-last-mb-0 wpex-clr\"><h2 class=\"portfolio-entry-title entry-title wpex-mb-5 wpex-child-inherit-color\" style=\"color:#ffffff;\"><a href=\"https:\/\/clientes.orangeplay.com.br\/kellenantigo\/projeto\/villa-di-napoles-edificio\/\" title=\"VILLA DI NAPOLES- ED\u00cdFICIO\">VILLA DI NAPOLES- ED\u00cdFICIO<\/a><\/h2><\/div><\/div><\/div><div class=\"portfolio-entry vcex-grid-item entry-has-details span_1_of_4 col col-4 post-390 entry type-portfolio has-media cat-8\"><div class=\"portfolio-entry-inner entry-inner wpex-first-mt-0 wpex-last-mb-0 wpex-clr\"><div class=\"portfolio-entry-media entry-media wpex-image-hover grow\"><a href=\"https:\/\/clientes.orangeplay.com.br\/kellenantigo\/projeto\/villa-romana-edificio\/\" title=\"VILLA ROMANA &#8211; ED\u00cdFICIO\" class=\"portfolio-entry-media-link\"><img decoding=\"async\" loading=\"lazy\" class=\"portfolio-entry-img wpex-align-middle\" src=\"https:\/\/clientes.orangeplay.com.br\/kellenantigo\/wp-content\/uploads\/2021\/10\/final-439x600.jpg\" alt=\"\" width=\"439\" height=\"600\" \/><\/a><\/div><div class=\"portfolio-entry-details entry-details wpex-boxed wpex-first-mt-0 wpex-last-mb-0 wpex-clr\"><h2 class=\"portfolio-entry-title entry-title wpex-mb-5 wpex-child-inherit-color\" style=\"color:#ffffff;\"><a href=\"https:\/\/clientes.orangeplay.com.br\/kellenantigo\/projeto\/villa-romana-edificio\/\" title=\"VILLA ROMANA &#8211; ED\u00cdFICIO\">VILLA ROMANA &#8211; ED\u00cdFICIO<\/a><\/h2><\/div><\/div><\/div><\/div><div class=\"vcex-loadmore wpex-clear wpex-text-center wpex-mt-10\"><a class=\"vcex-loadmore-button theme-button\" data-page=\"1\" data-max-pages=\"2\" data-text=\"Load More\" data-loading-text=\"Loading...\" data-failed-text=\"Failed to load posts.\" data-nonce=\"5b1f93998d\" data-shortcode-tag=\"vcex_portfolio_grid\" data-shortcode-params=\"{&quot;columns&quot;:&quot;4&quot;,&quot;pagination_loadmore&quot;:&quot;true&quot;,&quot;excerpt&quot;:&quot;false&quot;,&quot;read_more&quot;:&quot;false&quot;,&quot;include_categories&quot;:&quot;8&quot;,&quot;img_height&quot;:&quot;600&quot;,&quot;content_heading_color&quot;:&quot;#ffffff&quot;,&quot;img_hover_style&quot;:&quot;grow&quot;,&quot;columns_gap&quot;:&quot;none&quot;,&quot;entry_count&quot;:0}\"><span class=\"vcex-txt\">Load More<\/span><\/a><img decoding=\"async\" src=\"https:\/\/clientes.orangeplay.com.br\/kellenantigo\/wp-includes\/images\/spinner-2x.gif\" class=\"vcex-spinner wpex-hidden wpex-opacity-40\" alt=\"Loading...\" \/><span class=\"ticon ticon-spinner\" aria-hidden=\"true\"><\/span><\/div><\/div>[\/vc_column][\/vc_row]\n","protected":false},"excerpt":{"rendered":"<p>[vc_row css=&#8221;.vc_custom_1635122851548{margin-top: 120px !important;}&#8221;][vc_column][\/vc_column][\/vc_row]<\/p>\n","protected":false},"author":2,"featured_media":0,"parent":0,"menu_order":0,"comment_status":"closed","ping_status":"closed","template":"","meta":{"footnotes":""},"class_list":["post-203","page","type-page","status-publish","hentry","entry","has-media"],"_links":{"self":[{"href":"https:\/\/clientes.orangeplay.com.br\/kellenantigo\/wp-json\/wp\/v2\/pages\/203","targetHints":{"allow":["GET"]}}],"collection":[{"href":"https:\/\/clientes.orangeplay.com.br\/kellenantigo\/wp-json\/wp\/v2\/pages"}],"about":[{"href":"https:\/\/clientes.orangeplay.com.br\/kellenantigo\/wp-json\/wp\/v2\/types\/page"}],"author":[{"embeddable":true,"href":"https:\/\/clientes.orangeplay.com.br\/kellenantigo\/wp-json\/wp\/v2\/users\/2"}],"replies":[{"embeddable":true,"href":"https:\/\/clientes.orangeplay.com.br\/kellenantigo\/wp-json\/wp\/v2\/comments?post=203"}],"version-history":[{"count":11,"href":"https:\/\/clientes.orangeplay.com.br\/kellenantigo\/wp-json\/wp\/v2\/pages\/203\/revisions"}],"predecessor-version":[{"id":842,"href":"https:\/\/clientes.orangeplay.com.br\/kellenantigo\/wp-json\/wp\/v2\/pages\/203\/revisions\/842"}],"wp:attachment":[{"href":"https:\/\/clientes.orangeplay.com.br\/kellenantigo\/wp-json\/wp\/v2\/media?parent=203"}],"curies":[{"name":"wp","href":"https:\/\/api.w.org\/{rel}","templated":true}]}}