{"id":82,"date":"2021-10-18T03:50:24","date_gmt":"2021-10-18T03:50:24","guid":{"rendered":"https:\/\/clientes.orangeplay.com.br\/kellenantigo\/?page_id=82"},"modified":"2023-01-17T10:31:44","modified_gmt":"2023-01-17T10:31:44","slug":"tiposdeprojetos","status":"publish","type":"page","link":"https:\/\/clientes.orangeplay.com.br\/kellenantigo\/tiposdeprojetos\/","title":{"rendered":"Projetos"},"content":{"rendered":"[vc_row remove_bottom_col_margin=&#8221;true&#8221;][vc_column][vc_column_text css_animation=&#8221;fadeInLeft&#8221; font_family=&#8221;Hind&#8221; font_size=&#8221;12,7&#8243; line_height=&#8221;22px&#8221; css=&#8221;.vc_custom_1638557208240{margin-top: 50px !important;padding-left: 15px !important;}&#8221; text_align=&#8221;left&#8221; color=&#8221;#0a0a0a&#8221; letter_spacing=&#8221;2px&#8221; font_weight=&#8221;semibold&#8221;]Projetos[\/vc_column_text][\/vc_column][\/vc_row][vc_row css=&#8221;.vc_custom_1634529802611{padding-top: 30px !important;}&#8221;][vc_column width=&#8221;7\/12&#8243;]<figure class=\"vcex-image vcex-module wpex-clr textcenter  wpb_animate_when_almost_visible wpb_fadeInLeft fadeInLeft INTERIORES - RESIDENCIAIS E COMERCIAIS\"><div class=\"vcex-image-inner wpex-inline-block wpex-relative hvr hvr-grow\"><a href=\"https:\/\/clientes.orangeplay.com.br\/kellenantigo\/interiores-residenciais-e-comerciais\/\"><img decoding=\"async\" width=\"1024\" height=\"576\" src=\"https:\/\/clientes.orangeplay.com.br\/kellenantigo\/wp-content\/uploads\/2021\/12\/WhatsApp-Image-2021-10-06-at-19.51.36-26.jpeg\" class=\"wpex-align-middle\" alt=\"\" loading=\"lazy\" srcset=\"https:\/\/clientes.orangeplay.com.br\/kellenantigo\/wp-content\/uploads\/2021\/12\/WhatsApp-Image-2021-10-06-at-19.51.36-26.jpeg 1024w, https:\/\/clientes.orangeplay.com.br\/kellenantigo\/wp-content\/uploads\/2021\/12\/WhatsApp-Image-2021-10-06-at-19.51.36-26-300x169.jpeg 300w, https:\/\/clientes.orangeplay.com.br\/kellenantigo\/wp-content\/uploads\/2021\/12\/WhatsApp-Image-2021-10-06-at-19.51.36-26-768x432.jpeg 768w, https:\/\/clientes.orangeplay.com.br\/kellenantigo\/wp-content\/uploads\/2021\/12\/WhatsApp-Image-2021-10-06-at-19.51.36-26-569x320.jpeg 569w\" sizes=\"auto, (max-width: 1024px) 100vw, 1024px\" \/><\/a><\/div><figcaption class=\"wpex-mt-10\">INTERIORES - RESIDENCIAIS E COMERCIAIS<\/figcaption><\/figure><figure class=\"vcex-image vcex-module wpex-clr textcenter  wpb_animate_when_almost_visible wpb_fadeInLeft fadeInLeft\"><div class=\"vcex-image-inner wpex-inline-block wpex-relative hvr hvr-grow vc_custom_1673951589378\"><a href=\"https:\/\/clientes.orangeplay.com.br\/kellenantigo\/reformas-internas-ou-fachadas\/\"><img decoding=\"async\" width=\"1200\" height=\"675\" src=\"https:\/\/clientes.orangeplay.com.br\/kellenantigo\/wp-content\/uploads\/2021\/10\/0e2185ee-56fc-4311-80a9-39476cc5653c.jpg\" class=\"wpex-align-middle\" alt=\"\" loading=\"lazy\" srcset=\"https:\/\/clientes.orangeplay.com.br\/kellenantigo\/wp-content\/uploads\/2021\/10\/0e2185ee-56fc-4311-80a9-39476cc5653c.jpg 1200w, https:\/\/clientes.orangeplay.com.br\/kellenantigo\/wp-content\/uploads\/2021\/10\/0e2185ee-56fc-4311-80a9-39476cc5653c-300x169.jpg 300w, https:\/\/clientes.orangeplay.com.br\/kellenantigo\/wp-content\/uploads\/2021\/10\/0e2185ee-56fc-4311-80a9-39476cc5653c-1024x576.jpg 1024w, https:\/\/clientes.orangeplay.com.br\/kellenantigo\/wp-content\/uploads\/2021\/10\/0e2185ee-56fc-4311-80a9-39476cc5653c-768x432.jpg 768w, https:\/\/clientes.orangeplay.com.br\/kellenantigo\/wp-content\/uploads\/2021\/10\/0e2185ee-56fc-4311-80a9-39476cc5653c-569x320.jpg 569w\" sizes=\"auto, (max-width: 1200px) 100vw, 1200px\" \/><\/a><\/div><figcaption class=\"wpex-mt-10\">REFORMAS - INTERNAS OU FACHADAS<\/figcaption><\/figure>[\/vc_column][vc_column width=&#8221;5\/12&#8243;]<figure class=\"vcex-image vcex-module wpex-clr textleft  wpb_animate_when_almost_visible wpb_fadeInRight fadeInRight\"><div class=\"vcex-image-inner wpex-inline-block wpex-relative hvr hvr-grow\"><a href=\"https:\/\/clientes.orangeplay.com.br\/kellenantigo\/arquitetonicos-edificacoes\/\"><img decoding=\"async\" width=\"760\" height=\"1280\" src=\"https:\/\/clientes.orangeplay.com.br\/kellenantigo\/wp-content\/uploads\/2021\/12\/IMG_5162.jpg\" class=\"wpex-align-middle\" alt=\"\" loading=\"lazy\" srcset=\"https:\/\/clientes.orangeplay.com.br\/kellenantigo\/wp-content\/uploads\/2021\/12\/IMG_5162.jpg 760w, https:\/\/clientes.orangeplay.com.br\/kellenantigo\/wp-content\/uploads\/2021\/12\/IMG_5162-178x300.jpg 178w, https:\/\/clientes.orangeplay.com.br\/kellenantigo\/wp-content\/uploads\/2021\/12\/IMG_5162-608x1024.jpg 608w, https:\/\/clientes.orangeplay.com.br\/kellenantigo\/wp-content\/uploads\/2021\/12\/IMG_5162-380x640.jpg 380w, https:\/\/clientes.orangeplay.com.br\/kellenantigo\/wp-content\/uploads\/2021\/12\/IMG_5162-356x600.jpg 356w\" sizes=\"auto, (max-width: 760px) 100vw, 760px\" \/><\/a><\/div><figcaption class=\"wpex-mt-10\">ARQUITET\u00d4NICOS - EDIFICA\u00c7\u00d5ES<\/figcaption><\/figure>[\/vc_column][\/vc_row][vc_row remove_bottom_col_margin=&#8221;true&#8221;][vc_column]<div class=\"vc_custom_1634534586676 wpb_animate_when_almost_visible wpb_fadeInUp fadeInUp wpex-clr\"><div class=\"textcenter theme-button-wrap wpex-clr\"><a href=\"https:\/\/kellencarvalhoarquitetura.com.br\/projetos\/\" class=\"vcex-button theme-button align-center inline\" style=\"background:#dd452b;padding-top:12px;padding-right:27px;padding-bottom:12px;padding-left:27px;color:#ffffff;font-size:12px;letter-spacing:1px;border-radius:25px;font-family:Hind;\" data-wpex-hover='{&quot;background&quot;:&quot;#dd452b&quot;,&quot;color&quot;:&quot;#ffffff&quot;}'><span class=\"theme-button-inner\">VER TODOS OS PROJETOS<\/span><\/a><\/div><\/div> [vc_column_text css_animation=&#8221;fadeInUp&#8221; font_family=&#8221;Hind&#8221; font_size=&#8221;12,7&#8243; line_height=&#8221;22px&#8221; css=&#8221;.vc_custom_1634529926587{margin-top: 75px !important;}&#8221; text_align=&#8221;center&#8221; color=&#8221;#0a0a0a&#8221; letter_spacing=&#8221;2px&#8221;]Lorem ipsum dolor sit amet, consectetur adipiscing elit, sed do eiusmod tempor incididunt<br \/>\nut labore et dolore magna aliqua. Quis ipsum suspendisse ultrices gravida. Risus commodo<br \/>\nviverra maecenas accumsan lacus vel facilisis.<br \/>\nLorem ipsum dolor sit amet, consectetur adipiscing elit, sed do eiusmod tempor incididunt<br \/>\nut labore et dolore magna aliqua. Quis ipsum suspendisse ultrices gravida. Risus commodo<br \/>\nviverra maecenas accumsan lacus vel facilisis.[\/vc_column_text][\/vc_column][\/vc_row][vc_row css=&#8221;.vc_custom_1634525470303{margin-top: 120px !important;}&#8221;][vc_column width=&#8221;1\/4&#8243;]<figure class=\"vcex-image vcex-module wpex-clr textright  wpb_animate_when_almost_visible wpb_fadeInLeft fadeInLeft\"><div class=\"vcex-image-inner wpex-inline-block wpex-relative\"><img decoding=\"async\" loading=\"lazy\" class=\"wpex-align-middle\" src=\"https:\/\/clientes.orangeplay.com.br\/kellenantigo\/wp-content\/uploads\/2021\/10\/mm1b.png\" alt=\"\" width=\"333\" height=\"470\" \/><\/div><\/figure>[\/vc_column][vc_column width=&#8221;1\/4&#8243;]<figure class=\"vcex-image vcex-module wpex-clr textright  wpb_animate_when_almost_visible wpb_fadeInUp fadeInUp\"><div class=\"vcex-image-inner wpex-inline-block wpex-relative\"><img decoding=\"async\" loading=\"lazy\" class=\"wpex-align-middle\" src=\"https:\/\/clientes.orangeplay.com.br\/kellenantigo\/wp-content\/uploads\/2021\/10\/mm2-1.png\" alt=\"\" width=\"333\" height=\"470\" \/><\/div><\/figure>[\/vc_column][vc_column width=&#8221;1\/4&#8243;]<figure class=\"vcex-image vcex-module wpex-clr textright  wpb_animate_when_almost_visible wpb_fadeInUp fadeInUp\"><div class=\"vcex-image-inner wpex-inline-block wpex-relative\"><img decoding=\"async\" loading=\"lazy\" class=\"wpex-align-middle\" src=\"https:\/\/clientes.orangeplay.com.br\/kellenantigo\/wp-content\/uploads\/2021\/10\/mm3.png\" alt=\"\" width=\"333\" height=\"470\" \/><\/div><\/figure>[\/vc_column][vc_column width=&#8221;1\/4&#8243;]<figure class=\"vcex-image vcex-module wpex-clr textright  wpb_animate_when_almost_visible wpb_fadeInRight fadeInRight\"><div class=\"vcex-image-inner wpex-inline-block wpex-relative\"><img decoding=\"async\" loading=\"lazy\" class=\"wpex-align-middle\" src=\"https:\/\/clientes.orangeplay.com.br\/kellenantigo\/wp-content\/uploads\/2021\/10\/mm4.png\" alt=\"\" width=\"333\" height=\"470\" \/><\/div><\/figure>[\/vc_column][\/vc_row][vc_row remove_bottom_col_margin=&#8221;true&#8221; css=&#8221;.vc_custom_1634527174161{margin-bottom: 270px !important;}&#8221;][vc_column][\/vc_column][\/vc_row]\n","protected":false},"excerpt":{"rendered":"<p>[vc_row remove_bottom_col_margin=&#8221;true&#8221;][vc_column][vc_column_text css_animation=&#8221;fadeInLeft&#8221; font_family=&#8221;Hind&#8221; font_size=&#8221;12,7&#8243; line_height=&#8221;22px&#8221; css=&#8221;.vc_custom_1638557208240{margin-top: 50px !important;padding-left: 15px !important;}&#8221; text_align=&#8221;left&#8221; color=&#8221;#0a0a0a&#8221; letter_spacing=&#8221;2px&#8221; font_weight=&#8221;semibold&#8221;]Projetos[\/vc_column_text][\/vc_column][\/vc_row][vc_row css=&#8221;.vc_custom_1634529802611{padding-top: 30px !important;}&#8221;][vc_column width=&#8221;7\/12&#8243;][\/vc_column][vc_column width=&#8221;5\/12&#8243;][\/vc_column][\/vc_row][vc_row remove_bottom_col_margin=&#8221;true&#8221;][vc_column][vc_column_text css_animation=&#8221;fadeInUp&#8221; font_family=&#8221;Hind&#8221; font_size=&#8221;12,7&#8243; line_height=&#8221;22px&#8221; css=&#8221;.vc_custom_1634529926587{margin-top: 75px !important;}&#8221; text_align=&#8221;center&#8221; color=&#8221;#0a0a0a&#8221; letter_spacing=&#8221;2px&#8221;]Lorem ipsum dolor sit amet, consectetur adipiscing elit, sed do&hellip;<\/p>\n","protected":false},"author":2,"featured_media":0,"parent":0,"menu_order":0,"comment_status":"closed","ping_status":"closed","template":"","meta":{"footnotes":""},"class_list":["post-82","page","type-page","status-publish","hentry","entry","no-media"],"_links":{"self":[{"href":"https:\/\/clientes.orangeplay.com.br\/kellenantigo\/wp-json\/wp\/v2\/pages\/82","targetHints":{"allow":["GET"]}}],"collection":[{"href":"https:\/\/clientes.orangeplay.com.br\/kellenantigo\/wp-json\/wp\/v2\/pages"}],"about":[{"href":"https:\/\/clientes.orangeplay.com.br\/kellenantigo\/wp-json\/wp\/v2\/types\/page"}],"author":[{"embeddable":true,"href":"https:\/\/clientes.orangeplay.com.br\/kellenantigo\/wp-json\/wp\/v2\/users\/2"}],"replies":[{"embeddable":true,"href":"https:\/\/clientes.orangeplay.com.br\/kellenantigo\/wp-json\/wp\/v2\/comments?post=82"}],"version-history":[{"count":21,"href":"https:\/\/clientes.orangeplay.com.br\/kellenantigo\/wp-json\/wp\/v2\/pages\/82\/revisions"}],"predecessor-version":[{"id":860,"href":"https:\/\/clientes.orangeplay.com.br\/kellenantigo\/wp-json\/wp\/v2\/pages\/82\/revisions\/860"}],"wp:attachment":[{"href":"https:\/\/clientes.orangeplay.com.br\/kellenantigo\/wp-json\/wp\/v2\/media?parent=82"}],"curies":[{"name":"wp","href":"https:\/\/api.w.org\/{rel}","templated":true}]}}